{"id":33,"date":"2026-02-23T02:19:35","date_gmt":"2026-02-23T02:19:35","guid":{"rendered":"http:\/\/adgservicios.com.ar\/?page_id=33"},"modified":"2026-02-25T19:27:21","modified_gmt":"2026-02-25T19:27:21","slug":"nosotros","status":"publish","type":"page","link":"https:\/\/adgservicios.com.ar\/","title":{"rendered":"NOSOTROS"},"content":{"rendered":"\t\t<div data-elementor-type=\"wp-page\" data-elementor-id=\"33\" class=\"elementor elementor-33\">\n\t\t\t\t<div class=\"elementor-element elementor-element-edd5343 e-flex e-con-boxed e-con e-parent\" data-id=\"edd5343\" data-element_type=\"container\" data-e-type=\"container\" data-settings=\"{&quot;background_background&quot;:&quot;classic&quot;}\">\n\t\t\t\t\t<div class=\"e-con-inner\">\n\t\t\t\t<div class=\"elementor-element elementor-element-ccbf0e7 elementor-widget elementor-widget-button\" data-id=\"ccbf0e7\" data-element_type=\"widget\" data-e-type=\"widget\" data-widget_type=\"button.default\">\n\t\t\t\t\t\t\t\t\t\t<a class=\"elementor-button elementor-button-link elementor-size-sm elementor-animation-grow\" href=\"https:\/\/adgservicios.com.ar\/\">\n\t\t\t\t\t\t<span class=\"elementor-button-content-wrapper\">\n\t\t\t\t\t\t\t\t\t<span class=\"elementor-button-text\">Nosotros<\/span>\n\t\t\t\t\t<\/span>\n\t\t\t\t\t<\/a>\n\t\t\t\t\t\t\t\t<\/div>\n\t\t\t\t<div class=\"elementor-element elementor-element-5424951 elementor-align-center elementor-widget elementor-widget-button\" data-id=\"5424951\" data-element_type=\"widget\" data-e-type=\"widget\" data-widget_type=\"button.default\">\n\t\t\t\t\t\t\t\t\t\t<a class=\"elementor-button elementor-button-link elementor-size-sm elementor-animation-grow\" href=\"https:\/\/adgservicios.com.ar\/?page_id=35\">\n\t\t\t\t\t\t<span class=\"elementor-button-content-wrapper\">\n\t\t\t\t\t\t\t\t\t<span class=\"elementor-button-text\">Servicios<\/span>\n\t\t\t\t\t<\/span>\n\t\t\t\t\t<\/a>\n\t\t\t\t\t\t\t\t<\/div>\n\t\t\t\t<div class=\"elementor-element elementor-element-8c50d63 elementor-align-center elementor-widget elementor-widget-button\" data-id=\"8c50d63\" data-element_type=\"widget\" data-e-type=\"widget\" data-widget_type=\"button.default\">\n\t\t\t\t\t\t\t\t\t\t<a class=\"elementor-button elementor-button-link elementor-size-sm elementor-animation-grow\" href=\"https:\/\/adgservicios.com.ar\/?page_id=38\">\n\t\t\t\t\t\t<span class=\"elementor-button-content-wrapper\">\n\t\t\t\t\t\t\t\t\t<span class=\"elementor-button-text\">Contacto<\/span>\n\t\t\t\t\t<\/span>\n\t\t\t\t\t<\/a>\n\t\t\t\t\t\t\t\t<\/div>\n\t\t\t\t\t<\/div>\n\t\t\t\t<\/div>\n\t\t<div class=\"elementor-element elementor-element-08c76d0 e-con-full e-flex e-con e-parent\" data-id=\"08c76d0\" data-element_type=\"container\" data-e-type=\"container\">\n\t\t\t\t<div class=\"elementor-element elementor-element-092c787 elementor-widget elementor-widget-image\" data-id=\"092c787\" data-element_type=\"widget\" data-e-type=\"widget\" data-widget_type=\"image.default\">\n\t\t\t\t\t\t\t\t\t\t\t\t\t\t\t<img fetchpriority=\"high\" decoding=\"async\" width=\"800\" height=\"351\" src=\"https:\/\/adgservicios.com.ar\/wp-content\/uploads\/2026\/02\/WhatsApp-Image-2026-02-20-at-1.29.35-AM-1.jpeg\" class=\"attachment-large size-large wp-image-74\" alt=\"\" srcset=\"https:\/\/adgservicios.com.ar\/wp-content\/uploads\/2026\/02\/WhatsApp-Image-2026-02-20-at-1.29.35-AM-1.jpeg 843w, https:\/\/adgservicios.com.ar\/wp-content\/uploads\/2026\/02\/WhatsApp-Image-2026-02-20-at-1.29.35-AM-1-300x132.jpeg 300w, https:\/\/adgservicios.com.ar\/wp-content\/uploads\/2026\/02\/WhatsApp-Image-2026-02-20-at-1.29.35-AM-1-768x337.jpeg 768w\" sizes=\"(max-width: 800px) 100vw, 800px\" \/>\t\t\t\t\t\t\t\t\t\t\t\t\t\t\t<\/div>\n\t\t\t\t<\/div>\n\t\t<div class=\"elementor-element elementor-element-a6bfcb1 e-flex e-con-boxed e-con e-parent\" data-id=\"a6bfcb1\" data-element_type=\"container\" data-e-type=\"container\" data-settings=\"{&quot;background_background&quot;:&quot;slideshow&quot;,&quot;background_slideshow_gallery&quot;:[{&quot;id&quot;:76,&quot;url&quot;:&quot;http:\\\/\\\/adgservicios.com.ar\\\/wp-content\\\/uploads\\\/2026\\\/02\\\/WhatsApp-Image-2026-02-20-at-1.23.51-AM-3.jpeg&quot;},{&quot;id&quot;:78,&quot;url&quot;:&quot;http:\\\/\\\/adgservicios.com.ar\\\/wp-content\\\/uploads\\\/2026\\\/02\\\/WhatsApp-Image-2026-02-20-at-1.23.48-AM-1.jpeg&quot;},{&quot;id&quot;:79,&quot;url&quot;:&quot;http:\\\/\\\/adgservicios.com.ar\\\/wp-content\\\/uploads\\\/2026\\\/02\\\/WhatsApp-Image-2026-02-20-at-1.23.49-AM-2.jpeg&quot;}],&quot;background_slideshow_slide_duration&quot;:4000,&quot;background_slideshow_slide_transition&quot;:&quot;slide_left&quot;,&quot;background_slideshow_loop&quot;:&quot;yes&quot;,&quot;background_slideshow_transition_duration&quot;:500}\">\n\t\t\t\t\t<div class=\"e-con-inner\">\n\t\t\t\t<div class=\"elementor-element elementor-element-966ac55 elementor-widget elementor-widget-button\" data-id=\"966ac55\" data-element_type=\"widget\" data-e-type=\"widget\" data-widget_type=\"button.default\">\n\t\t\t\t\t\t\t\t\t\t<a class=\"elementor-button elementor-button-link elementor-size-sm elementor-animation-grow\" href=\"#nosotros2\">\n\t\t\t\t\t\t<span class=\"elementor-button-content-wrapper\">\n\t\t\t\t\t\t\t\t\t<span class=\"elementor-button-text\">VER MAS<\/span>\n\t\t\t\t\t<\/span>\n\t\t\t\t\t<\/a>\n\t\t\t\t\t\t\t\t<\/div>\n\t\t\t\t<div class=\"elementor-element elementor-element-7af7c64 elementor-widget__width-initial elementor-widget-mobile__width-initial elementor-widget elementor-widget-heading\" data-id=\"7af7c64\" data-element_type=\"widget\" data-e-type=\"widget\" data-widget_type=\"heading.default\">\n\t\t\t\t\t<h2 class=\"elementor-heading-title elementor-size-default\"><b><i>ADG Servicios<\/i><\/b> es una empresa especializada en mantenimiento integral y soluciones t\u00e9cnicas a medida para clientes que priorizan calidad, confiabilidad y ejecuci\u00f3n profesional.<\/h2>\t\t\t\t<\/div>\n\t\t\t\t\t<\/div>\n\t\t\t\t<\/div>\n\t\t<div class=\"elementor-element elementor-element-bd3cb3c e-flex e-con-boxed e-con e-parent\" data-id=\"bd3cb3c\" data-element_type=\"container\" data-e-type=\"container\" id=\"nosotros2\">\n\t\t\t\t\t<div class=\"e-con-inner\">\n\t\t\t\t<div class=\"elementor-element elementor-element-983e949 elementor-widget__width-inherit elementor-invisible elementor-widget elementor-widget-image\" data-id=\"983e949\" data-element_type=\"widget\" data-e-type=\"widget\" data-settings=\"{&quot;_animation&quot;:&quot;fadeIn&quot;}\" data-widget_type=\"image.default\">\n\t\t\t\t\t\t\t\t\t\t\t\t\t\t\t\t<a href=\"http:\/\/nosotres\">\n\t\t\t\t\t\t\t<img decoding=\"async\" width=\"2560\" height=\"1344\" src=\"https:\/\/adgservicios.com.ar\/wp-content\/uploads\/2026\/02\/Nosotros-1-scaled.png\" class=\"attachment-full size-full wp-image-84\" alt=\"\" srcset=\"https:\/\/adgservicios.com.ar\/wp-content\/uploads\/2026\/02\/Nosotros-1-scaled.png 2560w, https:\/\/adgservicios.com.ar\/wp-content\/uploads\/2026\/02\/Nosotros-1-300x158.png 300w, https:\/\/adgservicios.com.ar\/wp-content\/uploads\/2026\/02\/Nosotros-1-1024x538.png 1024w, https:\/\/adgservicios.com.ar\/wp-content\/uploads\/2026\/02\/Nosotros-1-768x403.png 768w, https:\/\/adgservicios.com.ar\/wp-content\/uploads\/2026\/02\/Nosotros-1-1536x807.png 1536w, https:\/\/adgservicios.com.ar\/wp-content\/uploads\/2026\/02\/Nosotros-1-2048x1075.png 2048w\" sizes=\"(max-width: 2560px) 100vw, 2560px\" \/>\t\t\t\t\t\t\t\t<\/a>\n\t\t\t\t\t\t\t\t\t\t\t\t\t\t\t<\/div>\n\t\t\t\t\t<\/div>\n\t\t\t\t<\/div>\n\t\t<div class=\"elementor-element elementor-element-eef72c6 e-con-full e-flex e-con e-parent\" data-id=\"eef72c6\" data-element_type=\"container\" data-e-type=\"container\">\n\t\t\t\t<div class=\"elementor-element elementor-element-41aa5bb elementor-widget__width-inherit elementor-invisible elementor-widget elementor-widget-image\" data-id=\"41aa5bb\" data-element_type=\"widget\" data-e-type=\"widget\" data-settings=\"{&quot;_animation&quot;:&quot;fadeIn&quot;}\" data-widget_type=\"image.default\">\n\t\t\t\t\t\t\t\t\t\t\t\t\t\t\t<img decoding=\"async\" width=\"2560\" height=\"1280\" src=\"https:\/\/adgservicios.com.ar\/wp-content\/uploads\/2026\/02\/Sabemos-que-confiar-en-alguien-para-arreglos-y-reparaciones-no-es-menor.-Por-eso-actuamos-con-transparencia-respeto-y-compromiso-cumpliendo-siempre-lo-que-prometemos.-Tu-tranquilidad-es-nuestra--scaled.png\" class=\"attachment-full size-full wp-image-100\" alt=\"\" srcset=\"https:\/\/adgservicios.com.ar\/wp-content\/uploads\/2026\/02\/Sabemos-que-confiar-en-alguien-para-arreglos-y-reparaciones-no-es-menor.-Por-eso-actuamos-con-transparencia-respeto-y-compromiso-cumpliendo-siempre-lo-que-prometemos.-Tu-tranquilidad-es-nuestra--scaled.png 2560w, https:\/\/adgservicios.com.ar\/wp-content\/uploads\/2026\/02\/Sabemos-que-confiar-en-alguien-para-arreglos-y-reparaciones-no-es-menor.-Por-eso-actuamos-con-transparencia-respeto-y-compromiso-cumpliendo-siempre-lo-que-prometemos.-Tu-tranquilidad-es-nuestra--300x150.png 300w, https:\/\/adgservicios.com.ar\/wp-content\/uploads\/2026\/02\/Sabemos-que-confiar-en-alguien-para-arreglos-y-reparaciones-no-es-menor.-Por-eso-actuamos-con-transparencia-respeto-y-compromiso-cumpliendo-siempre-lo-que-prometemos.-Tu-tranquilidad-es-nuestra--1024x512.png 1024w, https:\/\/adgservicios.com.ar\/wp-content\/uploads\/2026\/02\/Sabemos-que-confiar-en-alguien-para-arreglos-y-reparaciones-no-es-menor.-Por-eso-actuamos-con-transparencia-respeto-y-compromiso-cumpliendo-siempre-lo-que-prometemos.-Tu-tranquilidad-es-nuestra--768x384.png 768w, https:\/\/adgservicios.com.ar\/wp-content\/uploads\/2026\/02\/Sabemos-que-confiar-en-alguien-para-arreglos-y-reparaciones-no-es-menor.-Por-eso-actuamos-con-transparencia-respeto-y-compromiso-cumpliendo-siempre-lo-que-prometemos.-Tu-tranquilidad-es-nuestra--1536x768.png 1536w, https:\/\/adgservicios.com.ar\/wp-content\/uploads\/2026\/02\/Sabemos-que-confiar-en-alguien-para-arreglos-y-reparaciones-no-es-menor.-Por-eso-actuamos-con-transparencia-respeto-y-compromiso-cumpliendo-siempre-lo-que-prometemos.-Tu-tranquilidad-es-nuestra--2048x1024.png 2048w\" sizes=\"(max-width: 2560px) 100vw, 2560px\" \/>\t\t\t\t\t\t\t\t\t\t\t\t\t\t\t<\/div>\n\t\t\t\t<\/div>\n\t\t<div class=\"elementor-element elementor-element-2a6805d e-con-full e-flex e-con e-parent\" data-id=\"2a6805d\" data-element_type=\"container\" data-e-type=\"container\">\n\t\t\t\t<div class=\"elementor-element elementor-element-155605b elementor-widget__width-inherit e-transform elementor-invisible elementor-widget elementor-widget-image\" data-id=\"155605b\" data-element_type=\"widget\" data-e-type=\"widget\" data-settings=\"{&quot;_transform_scale_effect&quot;:{&quot;unit&quot;:&quot;px&quot;,&quot;size&quot;:1.100000000000000088817841970012523233890533447265625,&quot;sizes&quot;:[]},&quot;_animation&quot;:&quot;fadeIn&quot;,&quot;_transform_scale_effect_tablet&quot;:{&quot;unit&quot;:&quot;px&quot;,&quot;size&quot;:&quot;&quot;,&quot;sizes&quot;:[]},&quot;_transform_scale_effect_mobile&quot;:{&quot;unit&quot;:&quot;px&quot;,&quot;size&quot;:&quot;&quot;,&quot;sizes&quot;:[]}}\" data-widget_type=\"image.default\">\n\t\t\t\t\t\t\t\t\t\t\t\t\t\t\t<img loading=\"lazy\" decoding=\"async\" width=\"1584\" height=\"396\" src=\"https:\/\/adgservicios.com.ar\/wp-content\/uploads\/2026\/02\/Diseno-sin-titulo-12.png\" class=\"attachment-full size-full wp-image-99\" alt=\"\" srcset=\"https:\/\/adgservicios.com.ar\/wp-content\/uploads\/2026\/02\/Diseno-sin-titulo-12.png 1584w, https:\/\/adgservicios.com.ar\/wp-content\/uploads\/2026\/02\/Diseno-sin-titulo-12-300x75.png 300w, https:\/\/adgservicios.com.ar\/wp-content\/uploads\/2026\/02\/Diseno-sin-titulo-12-1024x256.png 1024w, https:\/\/adgservicios.com.ar\/wp-content\/uploads\/2026\/02\/Diseno-sin-titulo-12-768x192.png 768w, https:\/\/adgservicios.com.ar\/wp-content\/uploads\/2026\/02\/Diseno-sin-titulo-12-1536x384.png 1536w\" sizes=\"(max-width: 1584px) 100vw, 1584px\" \/>\t\t\t\t\t\t\t\t\t\t\t\t\t\t\t<\/div>\n\t\t\t\t<\/div>\n\t\t<div class=\"elementor-element elementor-element-7168bb8 e-flex e-con-boxed e-con e-parent\" data-id=\"7168bb8\" data-element_type=\"container\" data-e-type=\"container\">\n\t\t\t\t\t<div class=\"e-con-inner\">\n\t\t<div class=\"elementor-element elementor-element-b15582d e-con-full e-flex e-con e-child\" data-id=\"b15582d\" data-element_type=\"container\" data-e-type=\"container\">\n\t\t\t\t<div class=\"elementor-element elementor-element-c558b12 elementor-view-stacked elementor-shape-circle elementor-widget elementor-widget-icon\" data-id=\"c558b12\" data-element_type=\"widget\" data-e-type=\"widget\" data-widget_type=\"icon.default\">\n\t\t\t\t\t\t\t<div class=\"elementor-icon-wrapper\">\n\t\t\t<a class=\"elementor-icon\" href=\"mailto:contacto@adgservicios.com.ar\" target=\"_blank\">\n\t\t\t<svg aria-hidden=\"true\" class=\"e-font-icon-svg e-far-envelope\" viewBox=\"0 0 512 512\" xmlns=\"http:\/\/www.w3.org\/2000\/svg\"><path d=\"M464 64H48C21.49 64 0 85.49 0 112v288c0 26.51 21.49 48 48 48h416c26.51 0 48-21.49 48-48V112c0-26.51-21.49-48-48-48zm0 48v40.805c-22.422 18.259-58.168 46.651-134.587 106.49-16.841 13.247-50.201 45.072-73.413 44.701-23.208.375-56.579-31.459-73.413-44.701C106.18 199.465 70.425 171.067 48 152.805V112h416zM48 400V214.398c22.914 18.251 55.409 43.862 104.938 82.646 21.857 17.205 60.134 55.186 103.062 54.955 42.717.231 80.509-37.199 103.053-54.947 49.528-38.783 82.032-64.401 104.947-82.653V400H48z\"><\/path><\/svg>\t\t\t<\/a>\n\t\t<\/div>\n\t\t\t\t\t\t<\/div>\n\t\t\t\t<\/div>\n\t\t<div class=\"elementor-element elementor-element-b522dab e-con-full e-flex e-con e-child\" data-id=\"b522dab\" data-element_type=\"container\" data-e-type=\"container\">\n\t\t\t\t<div class=\"elementor-element elementor-element-04c8ffd elementor-view-stacked elementor-shape-circle elementor-widget elementor-widget-icon\" data-id=\"04c8ffd\" data-element_type=\"widget\" data-e-type=\"widget\" data-widget_type=\"icon.default\">\n\t\t\t\t\t\t\t<div class=\"elementor-icon-wrapper\">\n\t\t\t<a class=\"elementor-icon\" href=\"https:\/\/wa.me\/5491160464556\" target=\"_blank\">\n\t\t\t<svg aria-hidden=\"true\" class=\"e-font-icon-svg e-fas-phone-alt\" viewBox=\"0 0 512 512\" xmlns=\"http:\/\/www.w3.org\/2000\/svg\"><path d=\"M497.39 361.8l-112-48a24 24 0 0 0-28 6.9l-49.6 60.6A370.66 370.66 0 0 1 130.6 204.11l60.6-49.6a23.94 23.94 0 0 0 6.9-28l-48-112A24.16 24.16 0 0 0 122.6.61l-104 24A24 24 0 0 0 0 48c0 256.5 207.9 464 464 464a24 24 0 0 0 23.4-18.6l24-104a24.29 24.29 0 0 0-14.01-27.6z\"><\/path><\/svg>\t\t\t<\/a>\n\t\t<\/div>\n\t\t\t\t\t\t<\/div>\n\t\t\t\t<\/div>\n\t\t\t\t\t<\/div>\n\t\t\t\t<\/div>\n\t\t<div class=\"elementor-element elementor-element-94edcab e-flex e-con-boxed e-con e-parent\" data-id=\"94edcab\" data-element_type=\"container\" data-e-type=\"container\">\n\t\t\t\t\t<div class=\"e-con-inner\">\n\t\t\t\t<div class=\"elementor-element elementor-element-5568de4 elementor-widget elementor-widget-heading\" data-id=\"5568de4\" data-element_type=\"widget\" data-e-type=\"widget\" data-widget_type=\"heading.default\">\n\t\t\t\t\t<h2 class=\"elementor-heading-title elementor-size-default\">Informaci\u00f3n de contacto<\/h2>\t\t\t\t<\/div>\n\t\t\t\t\t<\/div>\n\t\t\t\t<\/div>\n\t\t<div class=\"elementor-element elementor-element-6885bfe e-con-full e-flex e-con e-parent\" data-id=\"6885bfe\" data-element_type=\"container\" data-e-type=\"container\">\n\t\t\t\t<div class=\"elementor-element elementor-element-65dbf23 elementor-widget elementor-widget-heading\" data-id=\"65dbf23\" data-element_type=\"widget\" data-e-type=\"widget\" data-widget_type=\"heading.default\">\n\t\t\t\t\t<h2 class=\"elementor-heading-title elementor-size-default\">contacto@adgservicios.com.ar<\/h2>\t\t\t\t<\/div>\n\t\t\t\t<div class=\"elementor-element elementor-element-537a682 elementor-widget elementor-widget-heading\" data-id=\"537a682\" data-element_type=\"widget\" data-e-type=\"widget\" data-widget_type=\"heading.default\">\n\t\t\t\t\t<h2 class=\"elementor-heading-title elementor-size-default\">+54 9 11 6046-4556<\/h2>\t\t\t\t<\/div>\n\t\t\t\t<\/div>\n\t\t<div class=\"elementor-element elementor-element-88d6d5d e-flex e-con-boxed e-con e-parent\" data-id=\"88d6d5d\" data-element_type=\"container\" data-e-type=\"container\">\n\t\t\t\t\t<div class=\"e-con-inner\">\n\t\t\t\t<div class=\"elementor-element elementor-element-e6de074 elementor-widget-divider--view-line elementor-widget elementor-widget-divider\" data-id=\"e6de074\" data-element_type=\"widget\" data-e-type=\"widget\" data-widget_type=\"divider.default\">\n\t\t\t\t\t\t\t<div class=\"elementor-divider\">\n\t\t\t<span class=\"elementor-divider-separator\">\n\t\t\t\t\t\t<\/span>\n\t\t<\/div>\n\t\t\t\t\t\t<\/div>\n\t\t\t\t\t<\/div>\n\t\t\t\t<\/div>\n\t\t<div class=\"elementor-element elementor-element-ca351fc e-con-full e-flex e-con e-parent\" data-id=\"ca351fc\" data-element_type=\"container\" data-e-type=\"container\">\n\t\t\t\t<div class=\"elementor-element elementor-element-9c0e8b3 elementor-widget elementor-widget-image\" data-id=\"9c0e8b3\" data-element_type=\"widget\" data-e-type=\"widget\" data-widget_type=\"image.default\">\n\t\t\t\t\t\t\t\t\t\t\t\t\t\t\t<img fetchpriority=\"high\" decoding=\"async\" width=\"800\" height=\"351\" src=\"https:\/\/adgservicios.com.ar\/wp-content\/uploads\/2026\/02\/WhatsApp-Image-2026-02-20-at-1.29.35-AM-1.jpeg\" class=\"attachment-large size-large wp-image-74\" alt=\"\" srcset=\"https:\/\/adgservicios.com.ar\/wp-content\/uploads\/2026\/02\/WhatsApp-Image-2026-02-20-at-1.29.35-AM-1.jpeg 843w, https:\/\/adgservicios.com.ar\/wp-content\/uploads\/2026\/02\/WhatsApp-Image-2026-02-20-at-1.29.35-AM-1-300x132.jpeg 300w, https:\/\/adgservicios.com.ar\/wp-content\/uploads\/2026\/02\/WhatsApp-Image-2026-02-20-at-1.29.35-AM-1-768x337.jpeg 768w\" sizes=\"(max-width: 800px) 100vw, 800px\" \/>\t\t\t\t\t\t\t\t\t\t\t\t\t\t\t<\/div>\n\t\t\t\t<\/div>\n\t\t\t\t<\/div>\n\t\t","protected":false},"excerpt":{"rendered":"<p>Nosotros Servicios Contacto VER MAS ADG Servicios es una empresa especializada en mantenimiento integral y soluciones t\u00e9cnicas a medida para clientes que priorizan calidad, confiabilidad y ejecuci\u00f3n profesional. Informaci\u00f3n de contacto contacto@adgservicios.com.ar +54 9 11 6046-4556<\/p>\n","protected":false},"author":1,"featured_media":0,"parent":0,"menu_order":0,"comment_status":"closed","ping_status":"closed","template":"elementor_canvas","meta":{"footnotes":""},"class_list":["post-33","page","type-page","status-publish","hentry"],"_links":{"self":[{"href":"https:\/\/adgservicios.com.ar\/index.php?rest_route=\/wp\/v2\/pages\/33","targetHints":{"allow":["GET"]}}],"collection":[{"href":"https:\/\/adgservicios.com.ar\/index.php?rest_route=\/wp\/v2\/pages"}],"about":[{"href":"https:\/\/adgservicios.com.ar\/index.php?rest_route=\/wp\/v2\/types\/page"}],"author":[{"embeddable":true,"href":"https:\/\/adgservicios.com.ar\/index.php?rest_route=\/wp\/v2\/users\/1"}],"replies":[{"embeddable":true,"href":"https:\/\/adgservicios.com.ar\/index.php?rest_route=%2Fwp%2Fv2%2Fcomments&post=33"}],"version-history":[{"count":68,"href":"https:\/\/adgservicios.com.ar\/index.php?rest_route=\/wp\/v2\/pages\/33\/revisions"}],"predecessor-version":[{"id":273,"href":"https:\/\/adgservicios.com.ar\/index.php?rest_route=\/wp\/v2\/pages\/33\/revisions\/273"}],"wp:attachment":[{"href":"https:\/\/adgservicios.com.ar\/index.php?rest_route=%2Fwp%2Fv2%2Fmedia&parent=33"}],"curies":[{"name":"wp","href":"https:\/\/api.w.org\/{rel}","templated":true}]}}